{"id":544,"date":"2024-04-08T10:16:39","date_gmt":"2024-04-08T10:16:39","guid":{"rendered":"https:\/\/alphaterapi.no\/?page_id=544"},"modified":"2024-04-25T08:58:55","modified_gmt":"2024-04-25T08:58:55","slug":"om-meg","status":"publish","type":"page","link":"https:\/\/alphaterapi.no\/index.php\/om-meg\/","title":{"rendered":"Om Alphaterapi"},"content":{"rendered":"\n<div class=\"wp-block-columns is-layout-flex wp-container-core-columns-is-layout-28f84493 wp-block-columns-is-layout-flex\">\n<div class=\"wp-block-column is-layout-flow wp-block-column-is-layout-flow\">\n<p>Jeg heter Tanvir Ul Hassan, og jeg vil gjerne takke deg for at du sjekket ut denne siden. Alphaterapi jobber etter 2 kjerneprinsipper:<\/p>\n\n\n\n<ol class=\"wp-block-list\">\n<li>Informasjon, inspirasjon, motivasjon og kreasjon sammenblandet med strategier og teknikker som du kan bruke for \u00e5 forbedre alle omr\u00e5der av livet ditt.<\/li>\n\n\n\n<li>Effektive langsiktige strategier som du kan bruke resten av livet.<\/li>\n<\/ol>\n\n\n\n<p>Rett etter jeg ble utdannet hypnoterapeut p\u00e5 terapiskolen i 2008 startet jeg opp Alphaterapi i Trondheimsveien 174.<\/p>\n\n\n\n<p><\/p>\n\n\n\n<h2 class=\"wp-block-heading has-text-align-center has-medium-font-size\">Historikk<\/h2>\n\n\n\n<p>Siden 1993 hadde jeg jobbet som videoprodusent for Oslo kommune der jeg underviste i film og filmteknikk. Denne jobben ledet meg videre inn mot ungdomsarbeidet som ble min karriere fram til den dag i dag. Jeg brukte film og filmteknikk som en metode for \u00e5 forebygge ungdomskriminalitet og resultatet ble 2 spillefilmer der ungdom deltok b\u00e5de foran og bak kamera. F\u00f8rste filmen handlet om ungdomsgjenger og torpedo virksomhet og den andre handlet om vikingen Leiv Eiriksson.<\/p>\n\n\n\n<p><\/p>\n\n\n\n<h2 class=\"wp-block-heading has-text-align-center has-medium-font-size\">Boksing som forebyggende<\/h2>\n\n\n\n<p>I forlengelsen av dette forebyggende arbeidet startet jeg opp bokse undervisning for \u00e5 gi ungdom kunnskap om vold og voldens konsekvenser. Sv\u00e6rt mange unge \u00abtorpedoer\u00bb og gjengmedlemmer kom og ville l\u00e6re boksing.<\/p>\n\n\n\n<p>Etter en teoretisk og praktisk undervisningsmodell i samarbeid med politiets forebyggende tjenester fikk vi kanalisert ungdom vekk fra negative milj\u00f8er.<\/p>\n<\/div>\n\n\n\n<div class=\"wp-block-column is-layout-flow wp-block-column-is-layout-flow\">\n<figure class=\"wp-block-image size-large\"><img loading=\"lazy\" decoding=\"async\" width=\"672\" height=\"1024\" src=\"https:\/\/alphaterapi.no\/wp-content\/uploads\/2024\/03\/IMG-20240325-WA0004-672x1024.jpg\" alt=\"\" class=\"wp-image-196\" srcset=\"https:\/\/alphaterapi.no\/wp-content\/uploads\/2024\/03\/IMG-20240325-WA0004-672x1024.jpg 672w, https:\/\/alphaterapi.no\/wp-content\/uploads\/2024\/03\/IMG-20240325-WA0004-197x300.jpg 197w, https:\/\/alphaterapi.no\/wp-content\/uploads\/2024\/03\/IMG-20240325-WA0004-768x1170.jpg 768w, https:\/\/alphaterapi.no\/wp-content\/uploads\/2024\/03\/IMG-20240325-WA0004-1008x1536.jpg 1008w, https:\/\/alphaterapi.no\/wp-content\/uploads\/2024\/03\/IMG-20240325-WA0004.jpg 1050w\" sizes=\"auto, (max-width: 672px) 100vw, 672px\" \/><\/figure>\n<\/div>\n<\/div>\n\n\n\n<p><\/p>\n\n\n\n<h2 class=\"wp-block-heading has-text-align-center has-medium-font-size\">Barn og ungdomstrender<\/h2>\n\n\n\n<p>Etter hvert som jeg vokste i det forebyggende arbeidet forsto jeg at det var viktig \u00e5 f\u00f8lge med p\u00e5 ungdomstrender. Hip Hop var i vinden igjen og jeg tok fram mine gamle ferdigheter som Norgesmester i Breakdance.<\/p>\n\n\n\n<p>Vi startet opp med flere grupper og jeg underviste etter beste evne de triksene jeg kunne, men forsto snart at breakdance hadde n\u00e5dd nye h\u00f8yder siden 1984.<\/p>\n\n\n\n<p>Det ga meg mer inspirasjon og jeg begynte \u00e5 bruke mine kreative evner til \u00e5 undervise og etablere flere dansegrupper innen hip hop og RNB. Her brukte jeg alle mine ferdigheter som regiss\u00f8r og videofotograf og vi produserte musikkvideoer, danseshow og flere helaftens hip hop forestillinger.<\/p>\n\n\n\n<p><\/p>\n\n\n\n<h2 class=\"wp-block-heading has-text-align-center has-medium-font-size\">Styreleder med personalansvar<\/h2>\n\n\n\n<p>I \u00e5r 2000 rykket jeg opp i stillingen som styrer og ble leder for aktivitetshuset der jeg fikk ansvar for 12 medarbeidere. N\u00e5 som ansvaret l\u00e5 i mine hender hadde jeg ogs\u00e5 frihet til \u00e5 skolere og undervise mine medarbeidere i gruppeledelse. Hver ansatt fikk Coaching og motivasjon til \u00e5 utf\u00f8re arbeidet sitt og de koreograferte og ledet hver sin gruppe ungdom i oppsettet av hip hop forestillingene vi satte opp.<br><\/p>\n\n\n\n<p>Det resulterte i at huset The Planet ble det st\u00f8rste trendsettende huset i Groruddalen med spektakul\u00e6re helaftens Hip Hop forestillinger der billettk\u00f8ene aldri tok ende.<br><\/p>\n\n\n\n<p>Groruddalen kokte av ungdom som ville delta p\u00e5 v\u00e5re show og dette ga oss mulighetene til \u00e5 gj\u00f8re et godt stykke forebyggende arbeid. I tett samarbeid med politiets forebyggende tjenester og barnevernets uteteam fikk vi bukt p\u00e5 gjengeproblematikken i Groruddalen.<br>Det ble plutselig kult \u00e5 v\u00e6re kul og inkluderende.<\/p>\n\n\n\n<p><\/p>\n\n\n\n<h2 class=\"wp-block-heading has-text-align-center has-medium-font-size\">Kort om meg personlig<\/h2>\n\n\n\n<p>Jeg ble f\u00f8dt i Pakistan og bodde der til jeg var 5 \u00e5r gammel. Familien min flyttet deretter til Norge (1975) og de neste \u00e5rene bodde jeg p\u00e5 Vestli i bydel Stovner. \u00c5 flytte til Norge som 5 \u00e5ring var en enorm omveltning for meg. Jeg ble veldig sjenert og syntes det var vanskelig \u00e5 f\u00e5 nye venner.<\/p>\n\n\n\n<p>Men med tiden ble jeg like norsk som en Nordmann\ud83d\ude0a<\/p>\n\n\n\n<h2 class=\"wp-block-heading has-text-align-center has-medium-font-size\">Trangen til \u00e5 hjelpe ungdom<\/h2>\n\n\n\n<p>Min lidenskap er menneskedyret og dens psykologi og jeg har fra tidens morgen lurt p\u00e5 hvorfor vi gj\u00f8r som vi gj\u00f8r. Dette husker jeg slet veldig p\u00e5 meg siden jeg var liten. Jeg leste alt fra selvutviklingsb\u00f8ker, psykologi, filosofi og religion<\/p>\n\n\n\n<p>Trangen etter \u00e5 hjelpe barn og ungdom ledet meg til Hypnoterapi.<\/p>\n\n\n\n<p>Det var en ungdom hos meg som var blant de morsomste og mest engasjert gutta i breakdance gruppa jeg ledet.<\/p>\n\n\n\n<p>Jeg la merke til at han aldri tok av seg lua selv p\u00e5 sommeren. En dag under trening spurte jeg han om lua og han l\u00f8p ut av treningssalen og ble borte.<\/p>\n\n\n\n<p>Dagen etter spurte jeg han hvorfor han gjorde det og da tok han av seg lua og viste meg afrokr\u00f8llene hans som poppa ut av lua som en stor ball.<\/p>\n\n\n\n<p>I tillegg til det store kr\u00f8llete h\u00e5ret s\u00e5 stammet han. Gutten fortalte at ved \u00e5 opptre som morsom fikk han status og aksept i gruppa, men han turte aldri \u00e5 ta av seg lua. Det var han flau over.<\/p>\n\n\n\n<p>Min Empatiske del begynte \u00e5 svinge og jeg begynte \u00e5 lete etter hjelp. Gutten fortalte at han hadde pr\u00f8vd alt og at ingenting hadde hjulpet.<\/p>\n\n\n\n<p>Til slutt fant jeg en spesialist som tilbydde folk \u00e5 slutte \u00e5 stamme p\u00e5 en time. Han var blant de f\u00e5 Hypnoterapeutene i Norge som tilbydde den type behandling.<\/p>\n\n\n\n<p>Honoraret hans var ekstremt h\u00f8yt, og bydelen hadde ikke noe form for st\u00f8tteordning p\u00e5 den type problematikk.<\/p>\n\n\n\n<p>Jeg tenkte jeg m\u00e5 utdanne meg til hypnoterapeut og hjelpe ungdom gratis, tenk hvor mange ungdom jeg kunne hjelpe da.<\/p>\n\n\n\n<p>Etter den tid har jeg hjulpet flere hundre ungdom og voksne med alt fra:<\/p>\n\n\n\n<p>Rusavhengighet, stamming, angst\/fobier depresjon, aggresjon, vektreduksjon, spisevegring, mareritt, sceneskrekk, sosial angst, sjalusi og masse mer.<\/p>\n\n\n\n<p>Fikk til og med en nasjonal pris for mitt engasjement og metodeutvikling innen det forebyggende arbeidet.<\/p>\n\n\n\n<p class=\"has-foregound-alt-color has-text-color has-link-color wp-elements-fd00f3512fb46f27dfe11491aa17c4a2\"><a href=\"https:\/\/www.utrop.no\/nyheter\/nytt\/13303\">https:\/\/www.utrop.no\/nyheter\/nytt\/13303<\/a><\/p>\n\n\n\n<h2 class=\"wp-block-heading has-text-align-center has-medium-font-size\">Tilbake til 2024<\/h2>\n\n\n\n<p><br>Jeg er utdannet Avansert hypnoterapeut og Familie coach og har flere sertifiseringer gjennom Oslo kommune som veileder i ICDP (International child devlop program) ART (Aggresion replacement training) og \u00abDe vanskelige barnesamtalene\u00bb.<br>Jeg er ogs\u00e5 utdannet kampsport instrukt\u00f8r gjennom Norges kampsport forbund.<br>Min intensjon er \u00e5 hjelpe deg med \u00e5 forbedre alle omr\u00e5der av livet ditt.<br>Mitt hovedfokus vil v\u00e6re tankesett, psykologi og mentale m\u00e5ter \u00e5 hjelpe deg med \u00e5 gj\u00f8re dette p\u00e5.<\/p>\n\n\n\n<p>Du er velkommen til \u00e5 ta en prat med meg over tlf eller booke en time. Den f\u00f8rste timen vil du f\u00e5 for halv pris. Booking av time her\u2026<\/p>\n\n\n\n<p>Gleder meg til \u00e5 jobbe med deg<\/p>\n\n\n\n<p>Hilsen Tanvir Ul Hassan<br>MAEPH Psykoterapeut<\/p>\n","protected":false},"excerpt":{"rendered":"<p>Jeg heter Tanvir Ul Hassan, og jeg vil gjerne takke deg for at du sjekket ut denne siden. Alphaterapi jobber etter 2 kjerneprinsipper: Rett etter jeg ble utdannet hypnoterapeut&#8230;<\/p>\n","protected":false},"author":1,"featured_media":0,"parent":0,"menu_order":0,"comment_status":"closed","ping_status":"closed","template":"","meta":{"_price":"","_stock":"","_tribe_ticket_header":"","_tribe_default_ticket_provider":"","_tribe_ticket_capacity":"0","_ticket_start_date":"","_ticket_end_date":"","_tribe_ticket_show_description":"","_tribe_ticket_show_not_going":false,"_tribe_ticket_use_global_stock":"","_tribe_ticket_global_stock_level":"","_global_stock_mode":"","_global_stock_cap":"","_tribe_rsvp_for_event":"","_tribe_ticket_going_count":"","_tribe_ticket_not_going_count":"","_tribe_tickets_list":"[]","_tribe_ticket_has_attendee_info_fields":false,"_EventAllDay":false,"_EventTimezone":"","_EventStartDate":"","_EventEndDate":"","_EventStartDateUTC":"","_EventEndDateUTC":"","_EventShowMap":false,"_EventShowMapLink":false,"_EventURL":"","_EventCost":"","_EventCostDescription":"","_EventCurrencySymbol":"","_EventCurrencyCode":"","_EventCurrencyPosition":"","_EventDateTimeSeparator":"","_EventTimeRangeSeparator":"","_EventOrganizerID":[],"_EventVenueID":[],"_OrganizerEmail":"","_OrganizerPhone":"","_OrganizerWebsite":"","_VenueAddress":"","_VenueCity":"","_VenueCountry":"","_VenueProvince":"","_VenueState":"","_VenueZip":"","_VenuePhone":"","_VenueURL":"","_VenueStateProvince":"","_VenueLat":"","_VenueLng":"","_VenueShowMap":false,"_VenueShowMapLink":false,"footnotes":""},"class_list":["post-544","page","type-page","status-publish","hentry"],"ticketed":false,"_links":{"self":[{"href":"https:\/\/alphaterapi.no\/index.php\/wp-json\/wp\/v2\/pages\/544","targetHints":{"allow":["GET"]}}],"collection":[{"href":"https:\/\/alphaterapi.no\/index.php\/wp-json\/wp\/v2\/pages"}],"about":[{"href":"https:\/\/alphaterapi.no\/index.php\/wp-json\/wp\/v2\/types\/page"}],"author":[{"embeddable":true,"href":"https:\/\/alphaterapi.no\/index.php\/wp-json\/wp\/v2\/users\/1"}],"replies":[{"embeddable":true,"href":"https:\/\/alphaterapi.no\/index.php\/wp-json\/wp\/v2\/comments?post=544"}],"version-history":[{"count":25,"href":"https:\/\/alphaterapi.no\/index.php\/wp-json\/wp\/v2\/pages\/544\/revisions"}],"predecessor-version":[{"id":762,"href":"https:\/\/alphaterapi.no\/index.php\/wp-json\/wp\/v2\/pages\/544\/revisions\/762"}],"wp:attachment":[{"href":"https:\/\/alphaterapi.no\/index.php\/wp-json\/wp\/v2\/media?parent=544"}],"curies":[{"name":"wp","href":"https:\/\/api.w.org\/{rel}","templated":true}]}}