{"id":384,"date":"2024-04-07T16:47:32","date_gmt":"2024-04-07T16:47:32","guid":{"rendered":"https:\/\/alphaterapi.no\/?page_id=384"},"modified":"2024-04-08T04:32:24","modified_gmt":"2024-04-08T04:32:24","slug":"behandlinger","status":"publish","type":"page","link":"https:\/\/alphaterapi.no\/index.php\/behandlinger\/","title":{"rendered":"Behandlinger"},"content":{"rendered":"\n<div class=\"wp-block-columns is-layout-flex wp-container-core-columns-is-layout-66fad18a wp-block-columns-is-layout-flex\">\n<div class=\"wp-block-column is-layout-flow wp-block-column-is-layout-flow\">\n<div class=\"wp-block-cover is-light is-style-fotawp-cover-round-style\" style=\"min-height:650px;aspect-ratio:unset;\"><span aria-hidden=\"true\" class=\"wp-block-cover__background has-background-dim-0 has-background-dim\"><\/span><img decoding=\"async\" class=\"wp-block-cover__image-background wp-image-220\" alt=\"\" src=\"https:\/\/alphaterapi.no\/wp-content\/themes\/fotawp\/assets\/images\/pattern_img_5.jpg\" data-object-fit=\"cover\"\/><div class=\"wp-block-cover__inner-container is-layout-flow wp-block-cover-is-layout-flow\">\n<p class=\"has-text-align-center has-large-font-size\"><\/p>\n<\/div><\/div>\n<\/div>\n\n\n\n<div class=\"wp-block-column is-vertically-aligned-center is-layout-flow wp-block-column-is-layout-flow\" style=\"padding-left:var(--wp--preset--spacing--50)\">\n<h6 class=\"wp-block-heading has-accent-color has-text-color\">About Us<\/h6>\n\n\n\n<h1 class=\"wp-block-heading has-heading-color-color has-text-color\" style=\"font-style:normal;font-weight:500\">Noen ganger m\u00f8ter vi situasjoner der ingenting vi muligens kan tenke eller gj\u00f8re ser ut til \u00e5 ha noen  <\/h1>\n\n\n\n<div style=\"height:5px\" aria-hidden=\"true\" class=\"wp-block-spacer\"><\/div>\n<\/div>\n<\/div>\n\n\n\n<div class=\"wp-block-group has-heading-color-color has-background-alt-background-color has-text-color has-background is-layout-constrained wp-container-core-group-is-layout-465a2fef wp-block-group-is-layout-constrained\" style=\"padding-top:0;padding-right:0;padding-bottom:0;padding-left:0\">\n<div class=\"wp-block-group is-layout-constrained wp-block-group-is-layout-constrained\">\n<div class=\"wp-block-columns is-layout-flex wp-container-core-columns-is-layout-643ced6b wp-block-columns-is-layout-flex\">\n<div class=\"wp-block-column is-style-default is-layout-flow wp-block-column-is-layout-flow\" style=\"border-style:none;border-width:0px;padding-top:0;padding-right:0;padding-bottom:0;padding-left:0\">\n<div class=\"wp-block-group is-style-fotawp-boxshadow-medium has-border-color has-border-color-border-color has-background-background-color has-background is-layout-constrained wp-container-core-group-is-layout-daeb3c90 wp-block-group-is-layout-constrained\" style=\"border-width:1px;border-radius:10px;padding-top:var(--wp--preset--spacing--40);padding-right:var(--wp--preset--spacing--40);padding-bottom:var(--wp--preset--spacing--50);padding-left:var(--wp--preset--spacing--40)\">\n<figure class=\"wp-block-image alignwide size-full has-custom-border\"><img decoding=\"async\" src=\"https:\/\/alphaterapi.no\/wp-content\/themes\/fotawp\/assets\/images\/pattern_image_1.jpg\" alt=\"\" class=\"wp-image-974\" style=\"border-radius:6px\"\/><\/figure>\n\n\n\n<h4 class=\"wp-block-heading has-text-align-center has-heading-color-color has-text-color has-large-font-size\" style=\"margin-top:var(--wp--preset--spacing--60);margin-right:0\">Angst<\/h4>\n\n\n\n<p class=\"has-text-align-center\" style=\"font-size:18px\">FSE block builder is the way of creating site and our customizable features added value on.<\/p>\n\n\n\n<div class=\"wp-block-buttons is-content-justification-center is-layout-flex wp-container-core-buttons-is-layout-a89b3969 wp-block-buttons-is-layout-flex\">\n<div class=\"wp-block-button has-custom-font-size is-style-button-hover-secondary-color\" style=\"font-size:18px\"><a class=\"wp-block-button__link has-foreground-color has-background-background-color has-text-color has-background has-text-align-center wp-element-button\" href=\"#\" style=\"padding-top:0;padding-right:0;padding-bottom:0;padding-left:0\">Learn More<\/a><\/div>\n<\/div>\n<\/div>\n<\/div>\n\n\n\n<div class=\"wp-block-column is-layout-flow wp-block-column-is-layout-flow\">\n<div class=\"wp-block-group is-style-fotawp-boxshadow-medium has-border-color has-border-color-border-color has-background-background-color has-background is-layout-constrained wp-container-core-group-is-layout-daeb3c90 wp-block-group-is-layout-constrained\" style=\"border-width:1px;border-radius:10px;padding-top:var(--wp--preset--spacing--40);padding-right:var(--wp--preset--spacing--40);padding-bottom:var(--wp--preset--spacing--50);padding-left:var(--wp--preset--spacing--40)\">\n<figure class=\"wp-block-image alignwide size-full has-custom-border\"><img decoding=\"async\" src=\"https:\/\/alphaterapi.no\/wp-content\/themes\/fotawp\/assets\/images\/pattern_image_1.jpg\" alt=\"\" class=\"wp-image-974\" style=\"border-radius:6px\"\/><\/figure>\n\n\n\n<h4 class=\"wp-block-heading has-text-align-center has-heading-color-color has-text-color has-large-font-size\" style=\"margin-top:var(--wp--preset--spacing--60);margin-right:0\">Depresjon<\/h4>\n\n\n\n<p class=\"has-text-align-center\" style=\"font-size:18px\">Frihet fra depresjon n\u00e5! Vil gi deg et mer meningsfullt liv.<\/p>\n\n\n\n<div class=\"wp-block-buttons is-content-justification-center is-layout-flex wp-container-core-buttons-is-layout-a89b3969 wp-block-buttons-is-layout-flex\">\n<div class=\"wp-block-button has-custom-font-size is-style-button-hover-secondary-color\" style=\"font-size:18px\"><a class=\"wp-block-button__link has-foreground-color has-background-background-color has-text-color has-background has-text-align-center wp-element-button\" href=\"#\" style=\"padding-top:0;padding-right:0;padding-bottom:0;padding-left:0\">Learn More<\/a><\/div>\n<\/div>\n<\/div>\n<\/div>\n\n\n\n<div class=\"wp-block-column is-style-default is-layout-flow wp-block-column-is-layout-flow\" style=\"border-style:none;border-width:0px;padding-top:0;padding-right:0;padding-bottom:0;padding-left:0\">\n<div class=\"wp-block-group is-style-fotawp-boxshadow-medium has-border-color has-border-color-border-color has-background-background-color has-background is-layout-constrained wp-container-core-group-is-layout-daeb3c90 wp-block-group-is-layout-constrained\" style=\"border-width:1px;border-radius:10px;padding-top:var(--wp--preset--spacing--40);padding-right:var(--wp--preset--spacing--40);padding-bottom:var(--wp--preset--spacing--50);padding-left:var(--wp--preset--spacing--40)\">\n<figure class=\"wp-block-image aligncenter size-full has-custom-border wp-duotone-unset-1\"><img decoding=\"async\" src=\"https:\/\/alphaterapi.no\/wp-content\/themes\/fotawp\/assets\/images\/pattern_image_5.jpg\" alt=\"\" class=\"wp-image-974\" style=\"border-radius:6px\"\/><\/figure>\n\n\n\n<h4 class=\"wp-block-heading has-text-align-center has-heading-color-color has-text-color has-large-font-size\" style=\"margin-top:var(--wp--preset--spacing--60)\">Vaneendring<\/h4>\n\n\n\n<p class=\"has-text-align-center\" style=\"font-size:18px\">Modern era of website builder does not imagine without responsive and we will taken care of it <\/p>\n\n\n\n<div class=\"wp-block-buttons is-content-justification-center is-layout-flex wp-container-core-buttons-is-layout-a89b3969 wp-block-buttons-is-layout-flex\">\n<div class=\"wp-block-button has-custom-font-size is-style-button-hover-secondary-color\" style=\"font-size:18px\"><a class=\"wp-block-button__link has-foreground-color has-background-background-color has-text-color has-background has-text-align-center wp-element-button\" href=\"#\" style=\"padding-top:0;padding-right:0;padding-bottom:0;padding-left:0\">Learn More<\/a><\/div>\n<\/div>\n<\/div>\n<\/div>\n\n\n\n<div class=\"wp-block-column is-style-default is-layout-flow wp-block-column-is-layout-flow\" style=\"border-style:none;border-width:0px;padding-top:0;padding-right:0;padding-bottom:0;padding-left:0\">\n<div class=\"wp-block-group is-style-fotawp-boxshadow-medium has-border-color has-border-color-border-color has-background-background-color has-background is-layout-constrained wp-container-core-group-is-layout-daeb3c90 wp-block-group-is-layout-constrained\" style=\"border-width:1px;border-radius:10px;padding-top:var(--wp--preset--spacing--40);padding-right:var(--wp--preset--spacing--40);padding-bottom:var(--wp--preset--spacing--50);padding-left:var(--wp--preset--spacing--40)\">\n<figure class=\"wp-block-image alignwide size-full has-custom-border wp-duotone-unset-2\"><img decoding=\"async\" src=\"https:\/\/alphaterapi.no\/wp-content\/themes\/fotawp\/assets\/images\/pattern_image_4.jpg\" alt=\"\" class=\"wp-image-164\" style=\"border-radius:6px\"\/><\/figure>\n\n\n\n<h4 class=\"wp-block-heading has-text-align-center has-heading-color-color has-text-color has-large-font-size\" style=\"margin-top:var(--wp--preset--spacing--60)\">Selvtillit<\/h4>\n\n\n\n<p class=\"has-text-align-center\" style=\"font-size:18px\">While it comes with native builder FSE\/Block builder and Elementor, making so easy.<\/p>\n\n\n\n<div class=\"wp-block-buttons is-content-justification-center is-layout-flex wp-container-core-buttons-is-layout-a89b3969 wp-block-buttons-is-layout-flex\">\n<div class=\"wp-block-button has-custom-font-size is-style-button-hover-secondary-color\" style=\"font-size:18px\"><a class=\"wp-block-button__link has-foreground-color has-background-background-color has-text-color has-background has-text-align-center wp-element-button\" href=\"#\" style=\"padding-top:0;padding-right:0;padding-bottom:0;padding-left:0\">Learn More<\/a><\/div>\n<\/div>\n<\/div>\n<\/div>\n<\/div>\n<\/div>\n\n\n\n<div class=\"wp-block-group is-layout-constrained wp-block-group-is-layout-constrained\">\n<div class=\"wp-block-columns is-layout-flex wp-container-core-columns-is-layout-643ced6b wp-block-columns-is-layout-flex\">\n<div class=\"wp-block-column is-style-default is-layout-flow wp-block-column-is-layout-flow\" style=\"border-style:none;border-width:0px;padding-top:0;padding-right:0;padding-bottom:0;padding-left:0\">\n<div class=\"wp-block-group is-style-fotawp-boxshadow-medium has-border-color has-border-color-border-color has-background-background-color has-background is-layout-constrained wp-container-core-group-is-layout-daeb3c90 wp-block-group-is-layout-constrained\" style=\"border-width:1px;border-radius:10px;padding-top:var(--wp--preset--spacing--40);padding-right:var(--wp--preset--spacing--40);padding-bottom:var(--wp--preset--spacing--50);padding-left:var(--wp--preset--spacing--40)\">\n<figure class=\"wp-block-image alignwide size-full has-custom-border\"><img decoding=\"async\" src=\"https:\/\/alphaterapi.no\/wp-content\/themes\/fotawp\/assets\/images\/pattern_image_1.jpg\" alt=\"\" class=\"wp-image-974\" style=\"border-radius:6px\"\/><\/figure>\n\n\n\n<h4 class=\"wp-block-heading has-text-align-center has-heading-color-color has-text-color has-large-font-size\" style=\"margin-top:var(--wp--preset--spacing--60);margin-right:0\">St\u00e5 foran publikum<\/h4>\n\n\n\n<p class=\"has-text-align-center\" style=\"font-size:18px\">FSE block builder is the way of creating site and our customizable features added value on.<\/p>\n\n\n\n<div class=\"wp-block-buttons is-content-justification-center is-layout-flex wp-container-core-buttons-is-layout-a89b3969 wp-block-buttons-is-layout-flex\">\n<div class=\"wp-block-button has-custom-font-size is-style-button-hover-secondary-color\" style=\"font-size:18px\"><a class=\"wp-block-button__link has-foreground-color has-background-background-color has-text-color has-background has-text-align-center wp-element-button\" href=\"#\" style=\"padding-top:0;padding-right:0;padding-bottom:0;padding-left:0\">Learn More<\/a><\/div>\n<\/div>\n<\/div>\n<\/div>\n\n\n\n<div class=\"wp-block-column is-layout-flow wp-block-column-is-layout-flow\">\n<div class=\"wp-block-group is-style-fotawp-boxshadow-medium has-border-color has-border-color-border-color has-background-background-color has-background is-layout-constrained wp-container-core-group-is-layout-daeb3c90 wp-block-group-is-layout-constrained\" style=\"border-width:1px;border-radius:10px;padding-top:var(--wp--preset--spacing--40);padding-right:var(--wp--preset--spacing--40);padding-bottom:var(--wp--preset--spacing--50);padding-left:var(--wp--preset--spacing--40)\">\n<figure class=\"wp-block-image alignwide size-full has-custom-border\"><img decoding=\"async\" src=\"https:\/\/alphaterapi.no\/wp-content\/themes\/fotawp\/assets\/images\/pattern_image_1.jpg\" alt=\"\" class=\"wp-image-974\" style=\"border-radius:6px\"\/><\/figure>\n\n\n\n<h4 class=\"wp-block-heading has-text-align-center has-heading-color-color has-text-color has-large-font-size\" style=\"margin-top:var(--wp--preset--spacing--60);margin-right:0\">Flyskrekk<\/h4>\n\n\n\n<p class=\"has-text-align-center\" style=\"font-size:18px\">FSE block builder is the way of creating site and our customizable features added value on.<\/p>\n\n\n\n<div class=\"wp-block-buttons is-content-justification-center is-layout-flex wp-container-core-buttons-is-layout-a89b3969 wp-block-buttons-is-layout-flex\">\n<div class=\"wp-block-button has-custom-font-size is-style-button-hover-secondary-color\" style=\"font-size:18px\"><a class=\"wp-block-button__link has-foreground-color has-background-background-color has-text-color has-background has-text-align-center wp-element-button\" href=\"#\" style=\"padding-top:0;padding-right:0;padding-bottom:0;padding-left:0\">Learn More<\/a><\/div>\n<\/div>\n<\/div>\n<\/div>\n\n\n\n<div class=\"wp-block-column is-style-default is-layout-flow wp-block-column-is-layout-flow\" style=\"border-style:none;border-width:0px;padding-top:0;padding-right:0;padding-bottom:0;padding-left:0\">\n<div class=\"wp-block-group is-style-fotawp-boxshadow-medium has-border-color has-border-color-border-color has-background-background-color has-background is-layout-constrained wp-container-core-group-is-layout-daeb3c90 wp-block-group-is-layout-constrained\" style=\"border-width:1px;border-radius:10px;padding-top:var(--wp--preset--spacing--40);padding-right:var(--wp--preset--spacing--40);padding-bottom:var(--wp--preset--spacing--50);padding-left:var(--wp--preset--spacing--40)\">\n<figure class=\"wp-block-image aligncenter size-full has-custom-border wp-duotone-unset-3\"><img decoding=\"async\" src=\"https:\/\/alphaterapi.no\/wp-content\/themes\/fotawp\/assets\/images\/pattern_image_5.jpg\" alt=\"\" class=\"wp-image-974\" style=\"border-radius:6px\"\/><\/figure>\n\n\n\n<h4 class=\"wp-block-heading has-text-align-center has-heading-color-color has-text-color has-large-font-size\" style=\"margin-top:var(--wp--preset--spacing--60)\">Rusavhengighet<\/h4>\n\n\n\n<p class=\"has-text-align-center\" style=\"font-size:18px\">Modern era of website builder does not imagine without responsive and we will taken care of it seamlessly.<\/p>\n\n\n\n<div class=\"wp-block-buttons is-content-justification-center is-layout-flex wp-container-core-buttons-is-layout-a89b3969 wp-block-buttons-is-layout-flex\">\n<div class=\"wp-block-button has-custom-font-size is-style-button-hover-secondary-color\" style=\"font-size:18px\"><a class=\"wp-block-button__link has-foreground-color has-background-background-color has-text-color has-background has-text-align-center wp-element-button\" href=\"#\" style=\"padding-top:0;padding-right:0;padding-bottom:0;padding-left:0\">Learn More<\/a><\/div>\n<\/div>\n<\/div>\n<\/div>\n\n\n\n<div class=\"wp-block-column is-style-default is-layout-flow wp-block-column-is-layout-flow\" style=\"border-style:none;border-width:0px;padding-top:0;padding-right:0;padding-bottom:0;padding-left:0\">\n<div class=\"wp-block-group is-style-fotawp-boxshadow-medium has-border-color has-border-color-border-color has-background-background-color has-background is-layout-constrained wp-container-core-group-is-layout-daeb3c90 wp-block-group-is-layout-constrained\" style=\"border-width:1px;border-radius:10px;padding-top:var(--wp--preset--spacing--40);padding-right:var(--wp--preset--spacing--40);padding-bottom:var(--wp--preset--spacing--50);padding-left:var(--wp--preset--spacing--40)\">\n<figure class=\"wp-block-image alignwide size-full has-custom-border wp-duotone-unset-4\"><img decoding=\"async\" src=\"https:\/\/alphaterapi.no\/wp-content\/themes\/fotawp\/assets\/images\/pattern_image_4.jpg\" alt=\"\" class=\"wp-image-164\" style=\"border-radius:6px\"\/><\/figure>\n\n\n\n<h4 class=\"wp-block-heading has-text-align-center has-heading-color-color has-text-color has-large-font-size\" style=\"margin-top:var(--wp--preset--spacing--60)\">Pagebuilder Integrated<\/h4>\n\n\n\n<p class=\"has-text-align-center\" style=\"font-size:18px\">While it comes with native builder FSE\/Block builder and Elementor, making so easy.<\/p>\n\n\n\n<div class=\"wp-block-buttons is-content-justification-center is-layout-flex wp-container-core-buttons-is-layout-a89b3969 wp-block-buttons-is-layout-flex\">\n<div class=\"wp-block-button has-custom-font-size is-style-button-hover-secondary-color\" style=\"font-size:18px\"><a class=\"wp-block-button__link has-foreground-color has-background-background-color has-text-color has-background has-text-align-center wp-element-button\" href=\"#\" style=\"padding-top:0;padding-right:0;padding-bottom:0;padding-left:0\">Learn More<\/a><\/div>\n<\/div>\n<\/div>\n<\/div>\n<\/div>\n<\/div>\n\n\n\n<div class=\"wp-block-buttons is-content-justification-center is-layout-flex wp-container-core-buttons-is-layout-b30bd9b3 wp-block-buttons-is-layout-flex\" style=\"margin-top:var(--wp--preset--spacing--70)\">\n<div class=\"wp-block-button is-style-button-hover-white-bgcolor\"><a class=\"wp-block-button__link has-heading-color-color has-first-primary-gradient-gradient-background has-text-color has-background wp-element-button\" style=\"border-radius:50px;padding-top:1.4rem;padding-right:2.5rem;padding-bottom:1.4rem;padding-left:2.5rem\">Book Behandling<\/a><\/div>\n<\/div>\n<\/div>\n\n\n\n<div class=\"wp-block-group has-tertiary-light-background-color has-background is-layout-constrained wp-container-core-group-is-layout-601d63fe wp-block-group-is-layout-constrained\" style=\"padding-top:7rem;padding-right:var(--wp--preset--spacing--40);padding-bottom:7rem;padding-left:var(--wp--preset--spacing--40)\"><\/div>\n","protected":false},"excerpt":{"rendered":"<p>About Us Noen ganger m\u00f8ter vi situasjoner der ingenting vi muligens kan tenke eller gj\u00f8re ser ut til \u00e5 ha noen Angst FSE block builder is the way of&#8230;<\/p>\n","protected":false},"author":1,"featured_media":0,"parent":0,"menu_order":0,"comment_status":"closed","ping_status":"closed","template":"","meta":{"_price":"","_stock":"","_tribe_ticket_header":"","_tribe_default_ticket_provider":"","_tribe_ticket_capacity":"0","_ticket_start_date":"","_ticket_end_date":"","_tribe_ticket_show_description":"","_tribe_ticket_show_not_going":false,"_tribe_ticket_use_global_stock":"","_tribe_ticket_global_stock_level":"","_global_stock_mode":"","_global_stock_cap":"","_tribe_rsvp_for_event":"","_tribe_ticket_going_count":"","_tribe_ticket_not_going_count":"","_tribe_tickets_list":"[]","_tribe_ticket_has_attendee_info_fields":false,"_EventAllDay":false,"_EventTimezone":"","_EventStartDate":"","_EventEndDate":"","_EventStartDateUTC":"","_EventEndDateUTC":"","_EventShowMap":false,"_EventShowMapLink":false,"_EventURL":"","_EventCost":"","_EventCostDescription":"","_EventCurrencySymbol":"","_EventCurrencyCode":"","_EventCurrencyPosition":"","_EventDateTimeSeparator":"","_EventTimeRangeSeparator":"","_EventOrganizerID":[],"_EventVenueID":[],"_OrganizerEmail":"","_OrganizerPhone":"","_OrganizerWebsite":"","_VenueAddress":"","_VenueCity":"","_VenueCountry":"","_VenueProvince":"","_VenueState":"","_VenueZip":"","_VenuePhone":"","_VenueURL":"","_VenueStateProvince":"","_VenueLat":"","_VenueLng":"","_VenueShowMap":false,"_VenueShowMapLink":false,"footnotes":""},"class_list":["post-384","page","type-page","status-publish","hentry"],"ticketed":false,"_links":{"self":[{"href":"https:\/\/alphaterapi.no\/index.php\/wp-json\/wp\/v2\/pages\/384","targetHints":{"allow":["GET"]}}],"collection":[{"href":"https:\/\/alphaterapi.no\/index.php\/wp-json\/wp\/v2\/pages"}],"about":[{"href":"https:\/\/alphaterapi.no\/index.php\/wp-json\/wp\/v2\/types\/page"}],"author":[{"embeddable":true,"href":"https:\/\/alphaterapi.no\/index.php\/wp-json\/wp\/v2\/users\/1"}],"replies":[{"embeddable":true,"href":"https:\/\/alphaterapi.no\/index.php\/wp-json\/wp\/v2\/comments?post=384"}],"version-history":[{"count":19,"href":"https:\/\/alphaterapi.no\/index.php\/wp-json\/wp\/v2\/pages\/384\/revisions"}],"predecessor-version":[{"id":436,"href":"https:\/\/alphaterapi.no\/index.php\/wp-json\/wp\/v2\/pages\/384\/revisions\/436"}],"wp:attachment":[{"href":"https:\/\/alphaterapi.no\/index.php\/wp-json\/wp\/v2\/media?parent=384"}],"curies":[{"name":"wp","href":"https:\/\/api.w.org\/{rel}","templated":true}]}}