{"id":273,"date":"2024-03-27T12:58:37","date_gmt":"2024-03-27T12:58:37","guid":{"rendered":"https:\/\/alphaterapi.no\/?page_id=273"},"modified":"2024-04-25T08:33:13","modified_gmt":"2024-04-25T08:33:13","slug":"depresjon","status":"publish","type":"page","link":"https:\/\/alphaterapi.no\/index.php\/depresjon\/","title":{"rendered":"Depresjon"},"content":{"rendered":"\n<h2 class=\"wp-block-heading has-text-align-center has-pale-cyan-blue-color has-text-color has-link-color has-medium-font-size wp-elements-cae43de120f9b6590aa547747c431b53\">&#8220;Hvis depresjon gj\u00f8r hverdagen til en kamp for deg, l\u00e6r \u00e5 omprogrammere sinnet ditt med unik metode som har hjulpet flere hundre til \u00e5 f\u00e5 slutt p\u00e5 depresjonen sin trygt, naturlig og enkelt&#8221;<\/h2>\n\n\n\n<p><\/p>\n\n\n\n<h2 class=\"wp-block-heading has-text-align-center has-vivid-red-color has-text-color has-link-color has-medium-font-size wp-elements-d968acb3af579f68d3d5cc0a4aa5887f\">Frihet fra depresjon n\u00e5! Vil gi deg et meningsfullt liv.<\/h2>\n\n\n\n<ul class=\"wp-block-list\">\n<li> Endringer i f\u00f8lelser starter ofte p\u00e5 bare noen f\u00e5 korte dager<\/li>\n\n\n\n<li>100% trygt og naturlig &#8211; ingen medisiner og ingen negative bivirkninger<\/li>\n\n\n\n<li>Rimelig og garantert<\/li>\n\n\n\n<li>Etter 5 samtaler med meg vil du f\u00e5 din egen skreddersydde lydfil og du vil aldri m\u00e5tte betale for en terapi sesjon igjen<\/li>\n\n\n\n<li>Beste av alt etter en hard og lang arbeidsdag trenger du ikke \u00e5 reise til en klinikk og forlenge arbeidsdagen. Terapeuten kommer hjem til deg i ditt eget komfort.<\/li>\n<\/ul>\n\n\n\n<p>Noen ganger er det vanskelig \u00e5 si om du bare har et tilfelle av &#8220;angst eller depresjon&#8221;, eller om du er p\u00e5 vei inn i en fullverdig tilstand av &#8220;klinisk&#8221; depresjon.<\/p>\n\n\n\n<p><\/p>\n\n\n\n<h2 class=\"wp-block-heading has-medium-font-size\">Derimot&#8230;<\/h2>\n\n\n\n<ul class=\"wp-block-list\">\n<li>HVIS du tenker og snakker  saktere enn normalt&#8230;<\/li>\n\n\n\n<li>HVIS du har problemer med \u00e5 konsentrere deg, huske og ta avgj\u00f8relser.<\/li>\n\n\n\n<li>HVIS du mister interessen for aktivitetene som f\u00f8r gjorde deg glad.<\/li>\n\n\n\n<li>HVIS du plutselig begynner \u00e5 sove hele tiden &#8211; eller nesten ikke sover i det hele tatt.<\/li>\n\n\n\n<li>ELLER hvis du f\u00f8ler deg skyldig, h\u00e5pl\u00f8s, fortvilet og virkelig lurer p\u00e5 om livet er verdt \u00e5 leve.<\/li>\n<\/ul>\n\n\n\n<p>Da passer du til definisjonen av klinisk deprimert. Faktisk er det nok \u00e5 lide av bare ett eller to av disse symptomene til \u00e5 for\u00e5rsake store problemer med jobben, karrieren, relasjonene dine og ikke minst helsen din.<\/p>\n\n\n\n<p><\/p>\n\n\n\n<h2 class=\"wp-block-heading has-vivid-red-color has-text-color has-link-color has-medium-font-size wp-elements-e74854fc6a7c29485c2beaef2661ac4e\">Du kan ikke endre det som har skjedd i livet ditt.<\/h2>\n\n\n\n<p>Men du kan endre de negative tankeprosessene som slo rot som et resultat, og som trigger og opprettholder depresjonen din i dag.<br>Jeg selv er et levende bevis p\u00e5 hvor forringende livskvalitet man f\u00e5r av depresjon \u2013 det samme gjelder alle de menneskene jeg har hjulpet siden 2008.<br>Programmet mitt \u00ab<mark style=\"background-color:rgba(0, 0, 0, 0);color:#ff0000\" class=\"has-inline-color\">Frihet fra depresjon<\/mark>\u00bb! har hjulpet mennesker til \u00e5 h\u00e5ndtere vanskelige tider i livet, og kommet frem med en fornyet selvf\u00f8lelse av ro og glede.<br><mark style=\"background-color:rgba(0, 0, 0, 0);color:#ff0000\" class=\"has-inline-color\">Det har l\u00f8ftet unge, voksne og eldre ut av depresjonen der de virkelig hadde planlagt \u00e5 gi opp livet for godt.<\/mark><\/p>\n\n\n\n<p><\/p>\n\n\n\n<h2 class=\"wp-block-heading has-medium-font-size\">Hvordan fungerer det<\/h2>\n\n\n\n<p>F\u00f8rst av alt, frihet fra depresjon! er <mark style=\"background-color:rgba(0, 0, 0, 0);color:#f30000\" class=\"has-inline-color\">IKKE <\/mark>et av de programmene som &#8220;forklarer&#8221; depresjon og pr\u00f8ver \u00e5 fortelle deg hvordan du h\u00e5ndterer den, og gir deg kompliserte \u00f8velser du ikke orker \u00e5 gj\u00f8re.<\/p>\n\n\n\n<p><mark style=\"background-color:rgba(0, 0, 0, 0);color:#f70000\" class=\"has-inline-color\">Det har du nok mer enn nok kunnskap p\u00e5 selv.<\/mark><\/p>\n\n\n\n<p>I stedet fungerer det direkte og aktivt for \u00e5 utslette dine dypt inngrodde tanker &#8211; og trosm\u00f8nstre som gj\u00f8r depresjon mulig i det hele tatt. <strong><mark style=\"background-color:rgba(0, 0, 0, 0);color:#ff0000\" class=\"has-inline-color\">VI fjerner den fra roten.<\/mark><\/strong><\/p>\n\n\n\n<p>Vi bryter kjedene til depresjon gjennom en naturlig og m\u00e5lrettet transformasjon. Vi eliminerer de selv\u00f8deleggende, \u00f8yeblikk for \u00f8yeblikk tanker, f\u00f8lelser og tro som ligger til grunn for de fleste former for depresjon.<\/p>\n\n\n\n<p><strong><mark style=\"background-color:rgba(0, 0, 0, 0);color:#ff0000\" class=\"has-inline-color\">Metoden<\/mark><\/strong> jeg bruker forener venstre og h\u00f8yre hjernehalvdel der kroppen ledes til fullstendig avslapping.<\/p>\n\n\n\n<p>Det som imidlertid er kjent med denne metoden er at det har vis seg \u00e5 &#8220;<strong>installere<\/strong>\u00bbinformasjon&#8221; og ideer i underbevisstheten opptil 10 ganger raskere enn standar l\u00e6ringsmetoder.<\/p>\n\n\n\n<p><\/p>\n\n\n\n<h2 class=\"wp-block-heading has-text-align-center has-pale-cyan-blue-color has-text-color has-link-color has-medium-font-size wp-elements-a4886ddacaf3866299df02bfb0d49ab3\">Du kan endelig slette <mark style=\"background-color:rgba(0, 0, 0, 0);color:#ff0000\" class=\"has-inline-color\">&#8220;hjernecelle dreperen&#8221;<\/mark> som forsetter \u00e5 plage deg om og om igjen i tankene dine.<\/h2>\n\n\n\n<p>Det er kanskje ikke tydelig umiddelbart, men med tiden vil du se hvordan negative f\u00f8lelser som en gang var automatiske triggere i livet ditt, vil blekne i intensitet og frekvens. Du vil finne det mye lettere \u00e5&#8230;<\/p>\n\n\n\n<ul class=\"wp-block-list\">\n<li>Tilgi deg selg og alle de som har deg urettferdig<\/li>\n\n\n\n<li>Erstatt \u00e5 dvele ved feil med \u00e5 sette s\u00f8kelys p\u00e5 suksessene dine<\/li>\n\n\n\n<li>Fjern f\u00f8lelser av h\u00e5pl\u00f8shet fra livet ditt<\/li>\n\n\n\n<li>Slutt \u00e5 skylde p\u00e5 deg selv, eller f\u00f8l deg fortjent til overgrep fra andre<\/li>\n\n\n\n<li>Bytt ut tvil med tillit til dine talenter og evner<\/li>\n\n\n\n<li>Slutt \u00e5 skylde p\u00e5 andre for dine utfordringer og tilbakeslag<\/li>\n\n\n\n<li>Gi slipp p\u00e5 all un\u00f8dvendig og upassende skyldf\u00f8lelse<\/li>\n\n\n\n<li>Bytt ut fortvilelse med optimisme og h\u00e5p<\/li>\n\n\n\n<li>Bytt ut <mark style=\"background-color:rgba(0, 0, 0, 0);color:#fd0000\" class=\"has-inline-color\">uvanen med \u00e5 gi opp<\/mark> med ud\u00f8delig utholdenhet<\/li>\n\n\n\n<li>Erstatt hjelpel\u00f8shet med handlingsplaner, selvtillit og besluttsomhet<\/li>\n\n\n\n<li>Gi slipp p\u00e5 alt skadelig sinne og harme<\/li>\n\n\n\n<li>Forst\u00e5 og aksepter at ingen er perfekte, inkludert deg<\/li>\n<\/ul>\n\n\n\n<p><\/p>\n\n\n\n<h2 class=\"wp-block-heading has-medium-font-size\">Og mye mer&#8230;<\/h2>\n\n\n\n<ul class=\"wp-block-list\">\n<li>Selv om du har brukt \u00e5r eller ti\u00e5r p\u00e5 \u00e5 slite med depresjon, vil sinnet ditt til slutt akseptere reprogrammeringen og omfavne den.<\/li>\n\n\n\n<li><mark style=\"background-color:rgba(0, 0, 0, 0);color:#f90101\" class=\"has-inline-color\">De negative m\u00f8nstrene som styrer tankeprosessene dine vil svekkes, oppl\u00f8ses og forsvinne av seg selv.<\/mark><\/li>\n<\/ul>\n\n\n\n<p>Mener du<mark style=\"background-color:rgba(0, 0, 0, 0)\" class=\"has-inline-color has-secondary-color\"> <\/mark><strong><mark style=\"background-color:rgba(0, 0, 0, 0);color:#ff0000\" class=\"has-inline-color\">seri\u00f8st \u00e5 bli kvitt depresjonen<\/mark> <\/strong>din s\u00e5 book en avtale n\u00e5 og jeg kan love deg at du ikke vil angre.<br><strong><mark style=\"background-color:rgba(0, 0, 0, 0);color:#ff0000\" class=\"has-inline-color\">Alle v\u00e5re kurs og workshop kan ogs\u00e5 bestilles en til en og man beh\u00f8ver ikke \u00e5 delta sammen med en gruppe mennesker. Terapeuten kommer hjem til deg.<\/mark><\/strong><\/p>\n","protected":false},"excerpt":{"rendered":"<p>&#8220;Hvis depresjon gj\u00f8r hverdagen til en kamp for deg, l\u00e6r \u00e5 omprogrammere sinnet ditt med unik metode som har hjulpet flere hundre til \u00e5 f\u00e5 slutt p\u00e5 depresjonen sin&#8230;<\/p>\n","protected":false},"author":1,"featured_media":0,"parent":0,"menu_order":0,"comment_status":"closed","ping_status":"closed","template":"","meta":{"_price":"","_stock":"","_tribe_ticket_header":"","_tribe_default_ticket_provider":"","_tribe_ticket_capacity":"0","_ticket_start_date":"","_ticket_end_date":"","_tribe_ticket_show_description":"","_tribe_ticket_show_not_going":false,"_tribe_ticket_use_global_stock":"","_tribe_ticket_global_stock_level":"","_global_stock_mode":"","_global_stock_cap":"","_tribe_rsvp_for_event":"","_tribe_ticket_going_count":"","_tribe_ticket_not_going_count":"","_tribe_tickets_list":"[]","_tribe_ticket_has_attendee_info_fields":false,"_EventAllDay":false,"_EventTimezone":"","_EventStartDate":"","_EventEndDate":"","_EventStartDateUTC":"","_EventEndDateUTC":"","_EventShowMap":false,"_EventShowMapLink":false,"_EventURL":"","_EventCost":"","_EventCostDescription":"","_EventCurrencySymbol":"","_EventCurrencyCode":"","_EventCurrencyPosition":"","_EventDateTimeSeparator":"","_EventTimeRangeSeparator":"","_EventOrganizerID":[],"_EventVenueID":[],"_OrganizerEmail":"","_OrganizerPhone":"","_OrganizerWebsite":"","_VenueAddress":"","_VenueCity":"","_VenueCountry":"","_VenueProvince":"","_VenueState":"","_VenueZip":"","_VenuePhone":"","_VenueURL":"","_VenueStateProvince":"","_VenueLat":"","_VenueLng":"","_VenueShowMap":false,"_VenueShowMapLink":false,"footnotes":""},"class_list":["post-273","page","type-page","status-publish","hentry"],"ticketed":false,"_links":{"self":[{"href":"https:\/\/alphaterapi.no\/index.php\/wp-json\/wp\/v2\/pages\/273","targetHints":{"allow":["GET"]}}],"collection":[{"href":"https:\/\/alphaterapi.no\/index.php\/wp-json\/wp\/v2\/pages"}],"about":[{"href":"https:\/\/alphaterapi.no\/index.php\/wp-json\/wp\/v2\/types\/page"}],"author":[{"embeddable":true,"href":"https:\/\/alphaterapi.no\/index.php\/wp-json\/wp\/v2\/users\/1"}],"replies":[{"embeddable":true,"href":"https:\/\/alphaterapi.no\/index.php\/wp-json\/wp\/v2\/comments?post=273"}],"version-history":[{"count":11,"href":"https:\/\/alphaterapi.no\/index.php\/wp-json\/wp\/v2\/pages\/273\/revisions"}],"predecessor-version":[{"id":757,"href":"https:\/\/alphaterapi.no\/index.php\/wp-json\/wp\/v2\/pages\/273\/revisions\/757"}],"wp:attachment":[{"href":"https:\/\/alphaterapi.no\/index.php\/wp-json\/wp\/v2\/media?parent=273"}],"curies":[{"name":"wp","href":"https:\/\/api.w.org\/{rel}","templated":true}]}}